{"id":6405,"date":"2026-04-16T00:04:49","date_gmt":"2026-04-15T22:04:49","guid":{"rendered":"https:\/\/b2b.beautycareglobal.com\/en\/?page_id=6405"},"modified":"2026-04-16T00:22:11","modified_gmt":"2026-04-15T22:22:11","slug":"b2b-registration","status":"publish","type":"page","link":"https:\/\/b2b.beautycareglobal.com\/en\/b2b-registration\/","title":{"rendered":"B2B Registration"},"content":{"rendered":"\n\r\n<form method=\"post\" class=\"bcg-form bcg-form--b2b-registration\">\r\n    <input type=\"hidden\" id=\"bcwcbb_nonce\" name=\"bcwcbb_nonce\" value=\"e9d6e95430\" \/><input type=\"hidden\" name=\"_wp_http_referer\" value=\"\/en\/wp-json\/wp\/v2\/pages\/6405\" \/>    <input type=\"hidden\" name=\"bcwcbb_action\" value=\"b2b_register\">\r\n    <input type=\"hidden\" name=\"bcwcbb_registration_site_id\" value=\"2\">\r\n\r\n    <!-- Honeypot field - anti-spam protection -->\r\n    <div class=\"bcg-honeypot\" style=\"position: absolute; left: -9999px; width: 1px; height: 1px; overflow: hidden;\" aria-hidden=\"true\" tabindex=\"-1\">\r\n        <label for=\"bcg_website_url\">Zostaw to pole puste<\/label>\r\n        <input type=\"text\" id=\"bcg_website_url\" name=\"website_url\" value=\"\" autocomplete=\"off\">\r\n    <\/div>\r\n\r\n    <div class=\"bcg-form-messages\"><\/div>\r\n\r\n    <div class=\"row bcg-form-fields bcg-form-fields--b2b\">\r\n        <!-- LEWA KOLUMNA -->\r\n        <div class=\"col-lg-6\">\r\n            <!-- Dane firmy -->\r\n            <fieldset class=\"bcg-fieldset mb-4\">\r\n                <legend class=\"bcg-fieldset-legend\">Dane firmy<\/legend>\r\n\r\n                <div class=\"row\">\r\n                    <div class=\"col-md-12 mb-3 bcg-field-wrapper\" data-field-type=\"email\">\r\n                        <label for=\"bcg_field_email\" class=\"form-label\">Email (login) <span class=\"required\">*<\/span><\/label>\r\n                        <input type=\"email\" id=\"bcg_field_email\" name=\"email\" class=\"form-control\" placeholder=\"twoja@firma.pl\" required>\r\n                        <div class=\"invalid-feedback\"><\/div>\r\n                    <\/div>\r\n                <\/div>\r\n\r\n                <div class=\"row\">\r\n                    <div class=\"col-md-12 mb-3 bcg-field-wrapper\" data-field-type=\"text\">\r\n                        <label for=\"bcg_field_company\" class=\"form-label\">Nazwa firmy <span class=\"required\">*<\/span><\/label>\r\n                        <input type=\"text\" id=\"bcg_field_company\" name=\"company\" class=\"form-control\" placeholder=\"np. Perfidarnia Polska Sp. z o.o.\" required>\r\n                        <div class=\"invalid-feedback\"><\/div>\r\n                    <\/div>\r\n                <\/div>\r\n\r\n                <div class=\"row\">\r\n                    <div class=\"col-md-6 mb-3 bcg-field-wrapper\" data-field-type=\"text\">\r\n                        <label for=\"bcg_field_nip\" class=\"form-label\">NIP <span class=\"required\">*<\/span><\/label>\r\n                        <input type=\"text\" id=\"bcg_field_nip\" name=\"nip\" class=\"form-control\" placeholder=\"np. 1234567890\" pattern=\"[0-9]{10}\" title=\"NIP musi mie\u0107 dok\u0142adnie 10 cyfr\" required>\r\n                        <div class=\"invalid-feedback\"><\/div>\r\n                    <\/div>\r\n\r\n                    <div class=\"col-md-6 mb-3 bcg-field-wrapper\" data-field-type=\"text\">\r\n                        <label for=\"bcg_field_regon\" class=\"form-label\">REGON <span class=\"required\">*<\/span><\/label>\r\n                        <input type=\"text\" id=\"bcg_field_regon\" name=\"regon\" class=\"form-control\" placeholder=\"np. 123456789\" pattern=\"[0-9]{9}|[0-9]{14}\" title=\"REGON musi mie\u0107 9 lub 14 cyfr\" required>\r\n                        <div class=\"invalid-feedback\"><\/div>\r\n                    <\/div>\r\n                <\/div>\r\n\r\n                <div class=\"row\">\r\n                    <div class=\"col-md-12 mb-3 bcg-field-wrapper\" data-field-type=\"number\">\r\n                        <label for=\"bcg_field_fdate\" class=\"form-label\">Rok za\u0142o\u017cenia <span class=\"required\">*<\/span><\/label>\r\n                        <input type=\"number\" id=\"bcg_field_fdate\" name=\"fdate\" class=\"form-control\" required\r\n                            inputmode=\"numeric\" min=\"1900\" max=\"2026\" step=\"1\" placeholder=\"np. 2018\">\r\n                        <div class=\"invalid-feedback\"><\/div>\r\n                    <\/div>\r\n                <\/div>\r\n            <\/fieldset>\r\n\r\n            <!-- Adres p\u0142atno\u015bci -->\r\n            <fieldset class=\"bcg-fieldset mb-4\">\r\n                <legend class=\"bcg-fieldset-legend\">Adres firmy<\/legend>\r\n\r\n                <div class=\"row\">\r\n                    <div class=\"col-md-12 mb-3 bcg-field-wrapper\" data-field-type=\"text\">\r\n                        <label for=\"bcg_field_address_1\" class=\"form-label\">Ulica i nr <span class=\"required\">*<\/span><\/label>\r\n                        <input type=\"text\" id=\"bcg_field_address_1\" name=\"address_1\" class=\"form-control\" placeholder=\"ul. Perfumowa 42\" required>\r\n                        <div class=\"invalid-feedback\"><\/div>\r\n                    <\/div>\r\n                <\/div>\r\n\r\n                <div class=\"row\">\r\n                    <div class=\"col-md-6 mb-3 bcg-field-wrapper\" data-field-type=\"text\">\r\n                        <label for=\"bcg_field_city\" class=\"form-label\">Miasto <span class=\"required\">*<\/span><\/label>\r\n                        <input type=\"text\" id=\"bcg_field_city\" name=\"city\" class=\"form-control\" placeholder=\"Warszawa\" required>\r\n                        <div class=\"invalid-feedback\"><\/div>\r\n                    <\/div>\r\n\r\n                    <div class=\"col-md-6 mb-3 bcg-field-wrapper\" data-field-type=\"text\">\r\n                        <label for=\"bcg_field_postcode\" class=\"form-label\">Kod pocztowy <span class=\"required\">*<\/span><\/label>\r\n                        <input type=\"text\" id=\"bcg_field_postcode\" name=\"postcode\" class=\"form-control\" placeholder=\"00-001\" pattern=\"[0-9]{2}-[0-9]{3}\" title=\"Kod pocztowy w formacie XX-XXX\" required>\r\n                        <div class=\"invalid-feedback\"><\/div>\r\n                    <\/div>\r\n                <\/div>\r\n\r\n                <div class=\"row\">\r\n                    <div class=\"col-md-12 mb-3 bcg-field-wrapper\" data-field-type=\"text\">\r\n                        <label for=\"bcg_field_country\" class=\"form-label\">Kraj <span class=\"required\">*<\/span><\/label>\r\n                        <input type=\"text\" id=\"bcg_field_country\" name=\"country\" class=\"form-control\" value=\"PL\" placeholder=\"Polska\" required>\r\n                        <div class=\"invalid-feedback\"><\/div>\r\n                    <\/div>\r\n                <\/div>\r\n            <\/fieldset>\r\n        <\/div>\r\n\r\n        <!-- PRAWA KOLUMNA -->\r\n        <div class=\"col-lg-6\">\r\n            <!-- Osoba kontaktowa -->\r\n            <fieldset class=\"bcg-fieldset mb-4\">\r\n                <legend class=\"bcg-fieldset-legend\">Osoba kontaktowa<\/legend>\r\n\r\n                <div class=\"row\">\r\n                    <div class=\"col-md-6 mb-3 bcg-field-wrapper\" data-field-type=\"text\">\r\n                        <label for=\"bcg_field_first_name\" class=\"form-label\">Imi\u0119 <span class=\"required\">*<\/span><\/label>\r\n                        <input type=\"text\" id=\"bcg_field_first_name\" name=\"first_name\" class=\"form-control\" placeholder=\"Jan\" required>\r\n                        <div class=\"invalid-feedback\"><\/div>\r\n                    <\/div>\r\n\r\n                    <div class=\"col-md-6 mb-3 bcg-field-wrapper\" data-field-type=\"text\">\r\n                        <label for=\"bcg_field_last_name\" class=\"form-label\">Nazwisko <span class=\"required\">*<\/span><\/label>\r\n                        <input type=\"text\" id=\"bcg_field_last_name\" name=\"last_name\" class=\"form-control\" placeholder=\"Kowalski\" required>\r\n                        <div class=\"invalid-feedback\"><\/div>\r\n                    <\/div>\r\n                <\/div>\r\n\r\n                <div class=\"row\">\r\n                    <div class=\"col-md-4 mb-3 bcg-field-wrapper\" data-field-type=\"select\">\r\n                        <label for=\"bcg_field_phone_country_prefix\" class=\"form-label\">Prefiks <span class=\"required\">*<\/span><\/label>\r\n                        <select id=\"bcg_field_phone_country_prefix\" name=\"phone_country_prefix\" class=\"form-control\" required>\r\n                                                            <option value=\"+48\"  selected='selected'>Polska (+48)<\/option>\r\n                                                            <option value=\"+49\" >Niemcy (+49)<\/option>\r\n                                                            <option value=\"+420\" >Czechy (+420)<\/option>\r\n                                                            <option value=\"+421\" >Slowacja (+421)<\/option>\r\n                                                            <option value=\"+43\" >Austria (+43)<\/option>\r\n                                                            <option value=\"+32\" >Belgia (+32)<\/option>\r\n                                                            <option value=\"+31\" >Holandia (+31)<\/option>\r\n                                                            <option value=\"+33\" >Francja (+33)<\/option>\r\n                                                            <option value=\"+39\" >Wlochy (+39)<\/option>\r\n                                                            <option value=\"+34\" >Hiszpania (+34)<\/option>\r\n                                                            <option value=\"+45\" >Dania (+45)<\/option>\r\n                                                            <option value=\"+46\" >Szwecja (+46)<\/option>\r\n                                                            <option value=\"+47\" >Norwegia (+47)<\/option>\r\n                                                            <option value=\"+370\" >Litwa (+370)<\/option>\r\n                                                            <option value=\"+371\" >Lotwa (+371)<\/option>\r\n                                                            <option value=\"+372\" >Estonia (+372)<\/option>\r\n                                                    <\/select>\r\n                        <div class=\"invalid-feedback\"><\/div>\r\n                    <\/div>\r\n\r\n                    <div class=\"col-md-8 mb-3 bcg-field-wrapper\" data-field-type=\"tel\">\r\n                        <label for=\"bcg_field_phone\" class=\"form-label\">Phone <span class=\"required\">*<\/span><\/label>\r\n                        <input type=\"tel\" id=\"bcg_field_phone\" name=\"phone\" class=\"form-control\" placeholder=\"123 456 789\" title=\"Minimum 9 cyfr (bez prefiksu kraju)\" required>\r\n                        <div class=\"invalid-feedback\"><\/div>\r\n                    <\/div>\r\n                <\/div>\r\n            <\/fieldset>\r\n\r\n            <!-- Toggle adres dostawy -->\r\n            <div class=\"bcg-shipping-toggle mb-4\">\r\n                <label class=\"bcg-checkbox-label\">\r\n                    <input type=\"checkbox\" id=\"bcg_shipping_same\" name=\"shipping_same_as_billing\"\r\n                        class=\"bcg-checkbox-input\" value=\"1\" checked>\r\n                    <span class=\"bcg-checkbox-text\">Adres dostawy taki sam jak adres p\u0142atno\u015bci<\/span>\r\n                <\/label>\r\n            <\/div>\r\n\r\n            <!-- Adres dostawy -->\r\n            <fieldset id=\"bcg-shipping-section\" class=\"bcg-fieldset bcg-fieldset--shipping mb-4\" style=\"display:none;\">\r\n                <legend class=\"bcg-fieldset-legend\">Adres dostawy<\/legend>\r\n\r\n                <div class=\"row\">\r\n                    <div class=\"col-md-12 mb-3 bcg-field-wrapper\" data-field-type=\"text\">\r\n                        <label for=\"bcg_field_shipping_company\" class=\"form-label\">Nazwa firmy (dostawa)<\/label>\r\n                        <input type=\"text\" id=\"bcg_field_shipping_company\" name=\"shipping_company\" class=\"form-control\" placeholder=\"Je\u015bli inna ni\u017c firma na fakturze\">\r\n                        <div class=\"invalid-feedback\"><\/div>\r\n                    <\/div>\r\n                <\/div>\r\n\r\n                <div class=\"row\">\r\n                    <div class=\"col-md-12 mb-3 bcg-field-wrapper\" data-field-type=\"text\">\r\n                        <label for=\"bcg_field_shipping_address_1\" class=\"form-label\">Ulica i nr <span class=\"required\">*<\/span><\/label>\r\n                        <input type=\"text\" id=\"bcg_field_shipping_address_1\" name=\"shipping_address_1\" class=\"form-control\" placeholder=\"ul. Dostaw 99\">\r\n                        <div class=\"invalid-feedback\"><\/div>\r\n                    <\/div>\r\n                <\/div>\r\n\r\n                <div class=\"row\">\r\n                    <div class=\"col-md-6 mb-3 bcg-field-wrapper\" data-field-type=\"text\">\r\n                        <label for=\"bcg_field_shipping_city\" class=\"form-label\">Miasto <span class=\"required\">*<\/span><\/label>\r\n                        <input type=\"text\" id=\"bcg_field_shipping_city\" name=\"shipping_city\" class=\"form-control\" placeholder=\"Krak\u00f3w\">\r\n                        <div class=\"invalid-feedback\"><\/div>\r\n                    <\/div>\r\n\r\n                    <div class=\"col-md-6 mb-3 bcg-field-wrapper\" data-field-type=\"text\">\r\n                        <label for=\"bcg_field_shipping_postcode\" class=\"form-label\">Kod pocztowy <span class=\"required\">*<\/span><\/label>\r\n                        <input type=\"text\" id=\"bcg_field_shipping_postcode\" name=\"shipping_postcode\" class=\"form-control\" placeholder=\"30-100\" pattern=\"[0-9]{2}-[0-9]{3}\" title=\"Kod pocztowy w formacie XX-XXX\">\r\n                        <div class=\"invalid-feedback\"><\/div>\r\n                    <\/div>\r\n                <\/div>\r\n\r\n                <div class=\"row\">\r\n                    <div class=\"col-md-12 mb-3 bcg-field-wrapper\" data-field-type=\"text\">\r\n                        <label for=\"bcg_field_shipping_country\" class=\"form-label\">Kraj <span class=\"required\">*<\/span><\/label>\r\n                        <input type=\"text\" id=\"bcg_field_shipping_country\" name=\"shipping_country\" class=\"form-control\" value=\"PL\" placeholder=\"Polska\">\r\n                        <div class=\"invalid-feedback\"><\/div>\r\n                    <\/div>\r\n                <\/div>\r\n            <\/fieldset>\r\n        <\/div>\r\n    <\/div>\r\n\r\n    <div class=\"row\">\r\n        <div class=\"col-12 mb-4 bcg-field-wrapper\" data-field-type=\"checkbox\">\r\n            <label for=\"bcg_field_legal_acceptance\" class=\"bcg-checkbox-label\">\r\n                <input type=\"checkbox\" id=\"bcg_field_legal_acceptance\" name=\"legal_acceptance\" value=\"1\" class=\"bcg-checkbox-input\" required>\r\n                <span class=\"bcg-checkbox-text\">\r\n                    Akceptuj\u0119                                            <a href=\"https:\/\/b2b.beautycareglobal.com\/en\/b2b-platform-privacy-policy\/\" target=\"_blank\" rel=\"noopener noreferrer\">Polityk\u0119 prywatno\u015bci<\/a>\r\n                                        oraz                                            <a href=\"https:\/\/b2b.beautycareglobal.com\/en\/b2b-platform-regulations\/\" target=\"_blank\" rel=\"noopener noreferrer\">Regulamin<\/a>\r\n                                        i potwierdzam zapoznanie si\u0119 z ich tre\u015bci\u0105. <span class=\"required\">*<\/span>\r\n                <\/span>\r\n            <\/label>\r\n            <div class=\"invalid-feedback\"><\/div>\r\n        <\/div>\r\n    <\/div>\r\n\r\n    <div class=\"row\">\r\n        <div class=\"col-12 mb-4 bcg-field-wrapper\" data-field-type=\"checkbox\">\r\n            <label for=\"bcg_field_marketing_acceptance\" class=\"bcg-checkbox-label\">\r\n                <input type=\"checkbox\" id=\"bcg_field_marketing_acceptance\" name=\"marketing_acceptance\" value=\"1\" class=\"bcg-checkbox-input\">\r\n                <span class=\"bcg-checkbox-text\">\r\n                    Wyra\u017cam dobrowoln\u0105 zgod\u0119 na otrzymywanie informacji handlowych i marketingowych drog\u0105 elektroniczn\u0105 (e-mail) od Beauty Care Global. Zgod\u0119 mog\u0119 wycofa\u0107 w dowolnym momencie.                <\/span>\r\n            <\/label>\r\n            <div class=\"invalid-feedback\"><\/div>\r\n        <\/div>\r\n    <\/div>\r\n\r\n    <div class=\"bcg-form-actions\">\r\n        <button type=\"submit\" class=\"btn btn-primary bcg-submit-btn\">\r\n            <span class=\"btn-text\">Wy\u015blij zg\u0142oszenie B2B<\/span>\r\n            <span class=\"btn-loader\" style=\"display:none;\">\r\n                <span class=\"spinner-border spinner-border-sm me-2\"><\/span>\r\n                Wysy\u0142anie...            <\/span>\r\n        <\/button>\r\n    <\/div>\r\n<\/form>\n","protected":false},"excerpt":{"rendered":"","protected":false},"author":1,"featured_media":0,"parent":0,"menu_order":0,"comment_status":"closed","ping_status":"closed","template":"template-full-width-empty.php","meta":{"footnotes":""},"class_list":["post-6405","page","type-page","status-publish","hentry"],"_links":{"self":[{"href":"https:\/\/b2b.beautycareglobal.com\/en\/wp-json\/wp\/v2\/pages\/6405","targetHints":{"allow":["GET"]}}],"collection":[{"href":"https:\/\/b2b.beautycareglobal.com\/en\/wp-json\/wp\/v2\/pages"}],"about":[{"href":"https:\/\/b2b.beautycareglobal.com\/en\/wp-json\/wp\/v2\/types\/page"}],"author":[{"embeddable":true,"href":"https:\/\/b2b.beautycareglobal.com\/en\/wp-json\/wp\/v2\/users\/1"}],"replies":[{"embeddable":true,"href":"https:\/\/b2b.beautycareglobal.com\/en\/wp-json\/wp\/v2\/comments?post=6405"}],"version-history":[{"count":2,"href":"https:\/\/b2b.beautycareglobal.com\/en\/wp-json\/wp\/v2\/pages\/6405\/revisions"}],"predecessor-version":[{"id":6409,"href":"https:\/\/b2b.beautycareglobal.com\/en\/wp-json\/wp\/v2\/pages\/6405\/revisions\/6409"}],"wp:attachment":[{"href":"https:\/\/b2b.beautycareglobal.com\/en\/wp-json\/wp\/v2\/media?parent=6405"}],"curies":[{"name":"wp","href":"https:\/\/api.w.org\/{rel}","templated":true}]}}