{"id":6467,"date":"2026-04-16T08:08:12","date_gmt":"2026-04-16T06:08:12","guid":{"rendered":"https:\/\/b2b.beautycareglobal.com\/en\/?post_type=product&#038;p=6467"},"modified":"2026-04-28T14:47:34","modified_gmt":"2026-04-28T12:47:34","slug":"paris-corner-december-vannile-deo-200ml-deodorant-perfumed","status":"publish","type":"product","link":"https:\/\/b2b.beautycareglobal.com\/en\/shop\/womens\/zestawy-damskie\/paris-corner-december-vannile-deo-200ml-deodorant-perfumed\/","title":{"rendered":"PARIS CORNER DECEMBER VANNILE DEO 200ML deodorant perfumed"},"content":{"rendered":"<p><strong>PARIS CORNER DECEMBER VANNILE DEO 200ML Perfumed Deodorant<\/strong> is <strong>a perfume<\/strong> that combines a fresh opening with an elegant heart and a long-lasting base.<\/p>\n<p>The composition includes, among m.in others, <strong>jasmine<\/strong>, <strong>rose<\/strong>, <strong>patchouli<\/strong>, which gives the fragrance character and good projection.<\/p>\n<p>This is a proposition for people who appreciate refined chords and a scent that lasts for many hours.<\/p>\n<p><strong>Discover the fragrance notes defining the fragrance PARIS CORNER DECEMBER VANNILE DEO 200ML Perfumed Deodorant<\/strong><\/p>\n<ul>\n<li><strong>Top note<\/strong> \u2013 jasmine, rum, vanilla orchid<\/li>\n<li><strong>Heart note<\/strong> \u2013 rose, spice notes, tonka bean, vanilla, leather, cr\u00e8me br\u00fbl\u00e9e<\/li>\n<li><strong>Base note<\/strong> \u2013 patchouli, ambergris, musk, brown sugar, oudwood, Brand highlights, Paris Corner, for whom: women, season: winter, form: spray, elegant By finishing<\/li>\n<\/ul>\n<p>You are buying <strong>an original<\/strong> product \u2013 stored in the right conditions (cool, dry, away from light), which helps to maintain the full quality of the fragrance.<\/p>\n","protected":false},"excerpt":{"rendered":"<p>Alcohol Denat., Fragrance (Parfum), Water (Aqua), Butane, Propane, Linalool, Benzyl Salicylate, Limonene, Coumarin, Hydroxycitronellal, Alpha-Isomethyl Ionone, Citronellol, Hexyl Cinnamal, Benzyl Alcohol, Citral.<\/p>\n","protected":false},"featured_media":6205,"comment_status":"closed","ping_status":"open","template":"","meta":[],"product_brand":[53],"product_cat":[21,28,18,41],"product_tag":[],"class_list":{"0":"post-6467","1":"product","2":"type-product","3":"status-publish","4":"has-post-thumbnail","6":"product_brand-paris-corner","7":"product_cat-sets","8":"product_cat-zestawy-damskie","9":"product_cat-womens","10":"product_cat-womens-sets","11":"pa_base-notes-patchouli-ambergris-musk-brown-sugar-oudwood-product-highlights-paris-corner-brand-for-women-season-winter-form-spray-elegant-finish","12":"pa_brand-paris-corner","13":"pa_fragrance-group-oriental-woody-floral","14":"pa_heart-notes-rose-spice-notes-tonka-bean-vanilla-creme-brulee-leather","15":"pa_top-notes-jasmine-rum-vanilla-orchid","17":"first","18":"instock","19":"shipping-taxable","20":"product-type-simple"},"_links":{"self":[{"href":"https:\/\/b2b.beautycareglobal.com\/en\/wp-json\/wp\/v2\/product\/6467","targetHints":{"allow":["GET"]}}],"collection":[{"href":"https:\/\/b2b.beautycareglobal.com\/en\/wp-json\/wp\/v2\/product"}],"about":[{"href":"https:\/\/b2b.beautycareglobal.com\/en\/wp-json\/wp\/v2\/types\/product"}],"replies":[{"embeddable":true,"href":"https:\/\/b2b.beautycareglobal.com\/en\/wp-json\/wp\/v2\/comments?post=6467"}],"wp:featuredmedia":[{"embeddable":true,"href":"https:\/\/b2b.beautycareglobal.com\/en\/wp-json\/wp\/v2\/media\/6205"}],"wp:attachment":[{"href":"https:\/\/b2b.beautycareglobal.com\/en\/wp-json\/wp\/v2\/media?parent=6467"}],"wp:term":[{"taxonomy":"product_brand","embeddable":true,"href":"https:\/\/b2b.beautycareglobal.com\/en\/wp-json\/wp\/v2\/product_brand?post=6467"},{"taxonomy":"product_cat","embeddable":true,"href":"https:\/\/b2b.beautycareglobal.com\/en\/wp-json\/wp\/v2\/product_cat?post=6467"},{"taxonomy":"product_tag","embeddable":true,"href":"https:\/\/b2b.beautycareglobal.com\/en\/wp-json\/wp\/v2\/product_tag?post=6467"}],"curies":[{"name":"wp","href":"https:\/\/api.w.org\/{rel}","templated":true}]}}