{"id":7182,"date":"2026-04-16T08:11:24","date_gmt":"2026-04-16T06:11:24","guid":{"rendered":"https:\/\/b2b.beautycareglobal.com\/en\/?post_type=product&#038;p=7182"},"modified":"2026-04-16T13:13:28","modified_gmt":"2026-04-16T11:13:28","slug":"lattafa-my-yara-collection-4-x-25-ml-eau-de-parfum-womens-gift-set","status":"publish","type":"product","link":"https:\/\/b2b.beautycareglobal.com\/en\/shop\/womens\/zestawy-damskie\/lattafa-my-yara-collection-4-x-25-ml-eau-de-parfum-womens-gift-set\/","title":{"rendered":"Lattafa My Yara Collection \u2013 4 \u00d7 25 ml Eau de Parfum Women&#8217;s Gift Set"},"content":{"rendered":"<p><strong>Lattafa My Yara Collection \u2013 4 \u00d7 25 ml Eau de Parfum Women&#8217;s Gift Set<\/strong> is <strong>a perfume<\/strong> that combines a fresh opening with an elegant heart and a long-lasting base.<\/p>\n<p>The composition contains, among m.in, <strong>heliotrope<\/strong>, <strong>notes of gourmand<\/strong>, <strong>musk<\/strong>, which gives the fragrance character and good projection.<\/p>\n<p>This is a proposition for people who appreciate refined chords and a scent that lasts for many hours.<\/p>\n<p><strong>Discover the fragrance notes defining the fragrance Lattafa My Yara Collection \u2013 4 \u00d7 25 ml Eau de Parfum Women&#8217;s Gift Set<\/strong><\/p>\n<ul>\n<li><strong>Top note<\/strong> \u2013 heliotrope, orchid, mandarin, blackcurrant, green mandarin, coconut, mango, passion fruit, jasmine, peach<\/li>\n<li><strong>Heart note<\/strong> \u2013 notes of gourmand, tropical notes, strawberry candy, gardenia, orange blossom, heliotrope, jasmine, ambergris, caramel<\/li>\n<li><strong>Base note<\/strong> \u2013 musk, vanilla, sandalwood, sweet, vanilla syrup, amber, cashmeran<\/li>\n<\/ul>\n<p>You buy <strong>the original<\/strong> product \u2013 stored in the right conditions (cool, dry, away from light), which helps to maintain the full quality of the fragrance.<\/p>\n","protected":false},"excerpt":{"rendered":"<p>Lattafa Yara Moi Eau de Parfum for Women<br \/>\nALCOHOL DENAT, FRAGRANCE (PERFUME), WATER (AQUA), BENZYL SALICYLATE, LINALOOL, LIMONENE, GERANIOL, ALPHA-ISOMETHYL IONONE, CITRONELLOL, BENZYL ALCOHOL.<\/p>\n<p>Lattafa Yara Tous Eau de Parfum for Women<br \/>\nALCOHOL DENAT, FRAGRANCE (PERFUME), WATER (AQUA), LINALOOL, COUMARIN, GERANIOL, BENZYL BENZOATE, EUGENOL, CITRONELLOL, BENZYL ALCOHOL, HEXYL CINNAMAL.<\/p>\n<p>Lattafa Yara Candy Eau de Parfum for Women<\/p>\n<p>ALCOOL D\u00c9NATUR\u00c9 (80% VOL.), PARFUM, AQUA, HYDROXYTOLU\u00c8NE, BUTYLE, LINALOOL, SALICYLATE DE BENZYLE, LIMON\u00c8NE, ALPHA-ISOM\u00c9THYLIONONE, HYDROXYCITRONELLAL, G\u00c9RANTOL, CITRONELLOL, COUMARINE, H\u00c9XYL CINNAMAL, ALCOOL CINNAMYLIQUE, CITRAL.<\/p>\n<p>Lattafa Yara Eau de Parfum for Women<br \/>\nALCOHOL DENAT, FRAGRANCE (PERFUME), WATER (AQUA), LIMONENE, COUMARIN, BENZYL SALICYLATE, LINALOOL, BENZYL BENZOATE, FARNESOL.<\/p>\n","protected":false},"featured_media":5122,"comment_status":"closed","ping_status":"open","template":"","meta":[],"product_brand":[51],"product_cat":[21,28,18,41],"product_tag":[],"class_list":{"0":"post-7182","1":"product","2":"type-product","3":"status-publish","4":"has-post-thumbnail","6":"product_brand-lattafa","7":"product_cat-sets","8":"product_cat-zestawy-damskie","9":"product_cat-womens","10":"product_cat-womens-sets","11":"pa_base-notes-musk-vanilla-sandalwood-sweet-vanilla-syrup-amber-cashmeran","12":"pa_brand-lattafa","13":"pa_fragrance-group-oriental-woody-floral","14":"pa_heart-notes-notes-gourmand-tropical-notes-strawberry-candy-gardenia-orange-blossom-heliotrope-jasmine-ambergris-caramel","15":"pa_top-notes-heliotrope-orchid-mandarin-black-currant-green-mandarin-coconut-mango-passion-fruit-jasmine-peach","17":"first","18":"outofstock","19":"shipping-taxable","20":"product-type-simple"},"_links":{"self":[{"href":"https:\/\/b2b.beautycareglobal.com\/en\/wp-json\/wp\/v2\/product\/7182","targetHints":{"allow":["GET"]}}],"collection":[{"href":"https:\/\/b2b.beautycareglobal.com\/en\/wp-json\/wp\/v2\/product"}],"about":[{"href":"https:\/\/b2b.beautycareglobal.com\/en\/wp-json\/wp\/v2\/types\/product"}],"replies":[{"embeddable":true,"href":"https:\/\/b2b.beautycareglobal.com\/en\/wp-json\/wp\/v2\/comments?post=7182"}],"wp:featuredmedia":[{"embeddable":true,"href":"https:\/\/b2b.beautycareglobal.com\/en\/wp-json\/wp\/v2\/media\/5122"}],"wp:attachment":[{"href":"https:\/\/b2b.beautycareglobal.com\/en\/wp-json\/wp\/v2\/media?parent=7182"}],"wp:term":[{"taxonomy":"product_brand","embeddable":true,"href":"https:\/\/b2b.beautycareglobal.com\/en\/wp-json\/wp\/v2\/product_brand?post=7182"},{"taxonomy":"product_cat","embeddable":true,"href":"https:\/\/b2b.beautycareglobal.com\/en\/wp-json\/wp\/v2\/product_cat?post=7182"},{"taxonomy":"product_tag","embeddable":true,"href":"https:\/\/b2b.beautycareglobal.com\/en\/wp-json\/wp\/v2\/product_tag?post=7182"}],"curies":[{"name":"wp","href":"https:\/\/api.w.org\/{rel}","templated":true}]}}