{"id":7523,"date":"2026-04-16T08:13:06","date_gmt":"2026-04-16T06:13:06","guid":{"rendered":"https:\/\/b2b.beautycareglobal.com\/en\/?post_type=product&#038;p=7523"},"modified":"2026-04-16T13:41:03","modified_gmt":"2026-04-16T11:41:03","slug":"al-haramain-amber-oud-gold-999-9-dubai-edition-75m-extrait-de-parfum-eau-de-parfum-unisex","status":"publish","type":"product","link":"https:\/\/b2b.beautycareglobal.com\/en\/shop\/unisex\/eau-de-parfum-unisex\/al-haramain-amber-oud-gold-999-9-dubai-edition-75m-extrait-de-parfum-eau-de-parfum-unisex\/","title":{"rendered":"AL Haramain Amber Oud Gold 999.9 Dubai Edition 75m, Extrait De Parfum Eau de Parfum Unisex"},"content":{"rendered":"<p><strong>AL Haramain Amber Oud Gold 999.9 Dubai Edition 75m, Extrait De Parfum woda pefumowana unisex<\/strong> to <strong>perfumy<\/strong>, kt\u00f3re \u0142\u0105cz\u0105 \u015bwie\u017ce otwarcie z eleganckim sercem i trwa\u0142\u0105 baz\u0105.<\/p>\n<p>Kompozycja ma czytelny charakter i dobrze sprawdza si\u0119 zar\u00f3wno na co dzie\u0144, jak i na wiecz\u00f3r.<\/p>\n<p>To propozycja dla os\u00f3b, kt\u00f3re ceni\u0105 dopracowane akordy i zapach utrzymuj\u0105cy si\u0119 przez wiele godzin.<\/p>\n<p><strong>Poznaj nuty zapachowe okre\u015blaj\u0105ce zapach AL Haramain Amber Oud Gold 999.9 Dubai Edition 75m, Extrait De Parfum woda pefumowana unisex<\/strong><\/p>\n<ul>\n<li><strong>Nuta g\u0142owy<\/strong> \u2013 <\/li>\n<li><strong>Nuta serca<\/strong> \u2013 <\/li>\n<li><strong>Nuta bazy<\/strong> \u2013 <\/li>\n<\/ul>\n<p>Kupujesz <strong>oryginalny<\/strong> produkt \u2013 przechowywany w odpowiednich warunkach (ch\u0142odno, sucho, z dala od \u015bwiat\u0142a), co pomaga utrzyma\u0107 pe\u0142n\u0105 jako\u015b\u0107 zapachu.<\/p>\n","protected":false},"excerpt":{"rendered":"<p>AL Haramain Amber Oud Gold 999.9 Dubai Edition 75m, Extrait De Parfum Eau de Parfum Unisex <\/p>\n<p>Dubai is vibrant and pink<\/p>\n","protected":false},"featured_media":1403,"comment_status":"closed","ping_status":"open","template":"","meta":[],"product_brand":[64],"product_cat":[34,33],"product_tag":[],"class_list":{"0":"post-7523","1":"product","2":"type-product","3":"status-publish","4":"has-post-thumbnail","6":"product_brand-al-haramain","7":"product_cat-eau-de-parfum-unisex","8":"product_cat-unisex","9":"pa_brand-al-haramain","10":"pa_fragrance-group-oriental","12":"first","13":"outofstock","14":"shipping-taxable","15":"product-type-simple"},"_links":{"self":[{"href":"https:\/\/b2b.beautycareglobal.com\/en\/wp-json\/wp\/v2\/product\/7523","targetHints":{"allow":["GET"]}}],"collection":[{"href":"https:\/\/b2b.beautycareglobal.com\/en\/wp-json\/wp\/v2\/product"}],"about":[{"href":"https:\/\/b2b.beautycareglobal.com\/en\/wp-json\/wp\/v2\/types\/product"}],"replies":[{"embeddable":true,"href":"https:\/\/b2b.beautycareglobal.com\/en\/wp-json\/wp\/v2\/comments?post=7523"}],"wp:featuredmedia":[{"embeddable":true,"href":"https:\/\/b2b.beautycareglobal.com\/en\/wp-json\/wp\/v2\/media\/1403"}],"wp:attachment":[{"href":"https:\/\/b2b.beautycareglobal.com\/en\/wp-json\/wp\/v2\/media?parent=7523"}],"wp:term":[{"taxonomy":"product_brand","embeddable":true,"href":"https:\/\/b2b.beautycareglobal.com\/en\/wp-json\/wp\/v2\/product_brand?post=7523"},{"taxonomy":"product_cat","embeddable":true,"href":"https:\/\/b2b.beautycareglobal.com\/en\/wp-json\/wp\/v2\/product_cat?post=7523"},{"taxonomy":"product_tag","embeddable":true,"href":"https:\/\/b2b.beautycareglobal.com\/en\/wp-json\/wp\/v2\/product_tag?post=7523"}],"curies":[{"name":"wp","href":"https:\/\/api.w.org\/{rel}","templated":true}]}}